{"id":6753,"date":"2023-03-15T12:46:54","date_gmt":"2023-03-15T11:46:54","guid":{"rendered":"https:\/\/trendsform.net\/?page_id=6753"},"modified":"2025-01-23T19:46:08","modified_gmt":"2025-01-23T18:46:08","slug":"blog","status":"publish","type":"page","link":"https:\/\/trendsform.net\/en\/blog\/","title":{"rendered":"Blog"},"content":{"rendered":"<div id='av-masonry-1' class='av-masonry av-jwcb8wxd-e18cf1a363543d97c103151949c27099 noHover av-fixed-size av-1px-gap av-hover-overlay-active av-masonry-animation-active av-masonry-col-flexible av-caption-always av-caption-style- av-masonry-entries ' data-post_id=\"6753\"><div class=\"av-masonry-container isotope av-js-disabled\"><div class='av-masonry-entry isotope-item av-masonry-item-no-image '><\/div><a href=\"https:\/\/trendsform.net\/en\/silos-kill-brand-clarity\/\"  id='av-masonry-1-item-12695' data-av-masonry-item='12695' class='av-masonry-entry isotope-item post-12695 post type-post status-publish format-standard hentry category-brand-innovation category-creative-intelligence-for-complex-products tag-b2b-communication tag-brand-clarity tag-brand-strategy tag-brandlab tag-innovation-communication tag-internal-alignment tag-organizational-silos  av-masonry-item-no-image' title=\"How Silos Kill Brand Clarity\"   itemscope=\"itemscope\" itemtype=\"https:\/\/schema.org\/CreativeWork\" ><div class='av-inner-masonry-sizer'><\/div><figure class='av-inner-masonry main_color'><figcaption class='av-inner-masonry-content site-background'><div class='av-inner-masonry-content-pos'><div class='av-inner-masonry-content-pos-content'><div class='avia-arrow'><\/div><h3 class='av-masonry-entry-title entry-title '  itemprop=\"headline\" >How Silos Kill Brand Clarity<\/h3><span class='av-masonry-date meta-color updated'>5 March 2026<\/span><span class=\"av-masonry-text-sep text-sep-author\">\/<\/span><span class='av-masonry-author meta-color author'><span class='fn'>by Erlin Salgado<\/span><\/span><\/div><\/div><\/figcaption><\/figure><\/a><!--end av-masonry entry--><a href=\"https:\/\/trendsform.net\/en\/when-complexity-blocks-connection\/\"  id='av-masonry-1-item-11906' data-av-masonry-item='11906' class='av-masonry-entry isotope-item post-11906 post type-post status-publish format-standard has-post-thumbnail hentry category-brand-innovation category-creative-intelligence-for-complex-products category-creative-leadership category-inteligencia-creativa-para-productos-complejos tag-b2b-communication tag-brand-clarity tag-complex-products tag-comunicacion-estrategica tag-innovacion-de-marcas-b2b tag-innovacion-tecnologica tag-marca-y-complejidad tag-product-strategy tag-technology-communication tag-traduccion-de-valor tag-value-translation  av-masonry-item-with-image av-grid-img' title=\"Cuando la complejidad bloquea la conexi\u00f3n\"   itemscope=\"itemscope\" itemtype=\"https:\/\/schema.org\/CreativeWork\" ><div class='av-inner-masonry-sizer'><\/div><figure class='av-inner-masonry main_color'><div class=\"av-masonry-outerimage-container\"><div class='av-masonry-image-container' style=\"background-image: url(https:\/\/trendsform.net\/wp-content\/uploads\/2026\/02\/Cuando-la-complejidad-bloquea-la-conexion-705x705.png);\"  title=\"Cuando la complejidad bloquea la conexi\u00f3n\"   alt=\"Cuando la complejidad bloquea la conexi\u00f3n\" ><\/div><\/div><figcaption class='av-inner-masonry-content site-background'><div class='av-inner-masonry-content-pos'><div class='av-inner-masonry-content-pos-content'><div class='avia-arrow'><\/div><h3 class='av-masonry-entry-title entry-title '  itemprop=\"headline\" >When Complexity Blocks Connection<\/h3><span class='av-masonry-date meta-color updated'>3 February 2026<\/span><span class=\"av-masonry-text-sep text-sep-author\">\/<\/span><span class='av-masonry-author meta-color author'><span class='fn'>by Erlin Salgado<\/span><\/span><\/div><\/div><\/figcaption><\/figure><\/a><!--end av-masonry entry--><a href=\"https:\/\/trendsform.net\/en\/leading-innovation-change-management-teams\/\"  id='av-masonry-1-item-10648' data-av-masonry-item='10648' class='av-masonry-entry isotope-item post-10648 post type-post status-publish format-standard has-post-thumbnail hentry category-creative-leadership tag-adaptive-resilience tag-collective-intelligence tag-creative-leadership tag-creative-literacy tag-high-performance-teams tag-innovation-culture tag-innovative-leadership tag-organizational-change-management tag-organizational-transformation  av-masonry-item-with-image av-grid-img' title=\"liderazgo innovacion y gestion del cambio\"   itemscope=\"itemscope\" itemtype=\"https:\/\/schema.org\/CreativeWork\" ><div class='av-inner-masonry-sizer'><\/div><figure class='av-inner-masonry main_color'><div class=\"av-masonry-outerimage-container\"><div class='av-masonry-image-container' style=\"background-image: url(https:\/\/trendsform.net\/wp-content\/uploads\/2025\/05\/liderazgo-innovacion-y-gestion-del-cambio-705x705.png);\"  title=\"liderazgo innovacion y gestion del cambio\"   alt=\"Lidera innovaci\u00f3n gesti\u00f3n cambio\" ><\/div><\/div><figcaption class='av-inner-masonry-content site-background'><div class='av-inner-masonry-content-pos'><div class='av-inner-masonry-content-pos-content'><div class='avia-arrow'><\/div><h3 class='av-masonry-entry-title entry-title '  itemprop=\"headline\" >Leading Innovation in Times of Change<\/h3><span class='av-masonry-date meta-color updated'>30 May 2025<\/span><span class=\"av-masonry-text-sep text-sep-author\">\/<\/span><span class='av-masonry-author meta-color author'><span class='fn'>by Erlin Salgado<\/span><\/span><\/div><\/div><\/figcaption><\/figure><\/a><!--end av-masonry entry--><a href=\"https:\/\/trendsform.net\/en\/digital-culture-key-for-digital-transformation\/\"  id='av-masonry-1-item-9679' data-av-masonry-item='9679' class='av-masonry-entry isotope-item post-9679 post type-post status-publish format-standard has-post-thumbnail hentry category-creative-leadership category-innovacion-empresarial-en tag-continuous-learning tag-cultural-change tag-data-driven-decision-making tag-digital-collaboration tag-digital-companies tag-digital-culture tag-digital-innovation tag-digital-leadership tag-digital-transformation tag-organizational-agility  av-masonry-item-with-image av-grid-img' title=\"Cultura Digital\"   itemscope=\"itemscope\" itemtype=\"https:\/\/schema.org\/CreativeWork\" ><div class='av-inner-masonry-sizer'><\/div><figure class='av-inner-masonry main_color'><div class=\"av-masonry-outerimage-container\"><div class='av-masonry-image-container' style=\"background-image: url(https:\/\/trendsform.net\/wp-content\/uploads\/2025\/01\/Cultura-Digital-705x470.jpeg);\"  title=\"Cultura Digital\"   alt=\"Cultura Digital\" ><\/div><\/div><figcaption class='av-inner-masonry-content site-background'><div class='av-inner-masonry-content-pos'><div class='av-inner-masonry-content-pos-content'><div class='avia-arrow'><\/div><h3 class='av-masonry-entry-title entry-title '  itemprop=\"headline\" >Digital Culture: The Key to a Successful Digital Transformation<\/h3><span class='av-masonry-date meta-color updated'>29 January 2025<\/span><span class=\"av-masonry-text-sep text-sep-author\">\/<\/span><span class='av-masonry-author meta-color author'><span class='fn'>by Erlin Salgado<\/span><\/span><\/div><\/div><\/figcaption><\/figure><\/a><!--end av-masonry entry--><a href=\"https:\/\/trendsform.net\/en\/experimentation-continuous-innovation\/\"  id='av-masonry-1-item-9645' data-av-masonry-item='9645' class='av-masonry-entry isotope-item post-9645 post type-post status-publish format-standard has-post-thumbnail hentry category-creative-leadership tag-continuous-innovation tag-creative-teams tag-data-driven-decisions tag-experimental-mindset tag-experimentation-culture tag-experimentation-in-innovation tag-iterative-learning  av-masonry-item-with-image av-grid-img' title=\"Experimentacion para la innovacion\"   itemscope=\"itemscope\" itemtype=\"https:\/\/schema.org\/CreativeWork\" ><div class='av-inner-masonry-sizer'><\/div><figure class='av-inner-masonry main_color'><div class=\"av-masonry-outerimage-container\"><div class='av-masonry-image-container' style=\"background-image: url(https:\/\/trendsform.net\/wp-content\/uploads\/2025\/01\/Experimentacion-para-la-innovacion-705x482.png);\"  title=\"Experimentacion para la innovacion\"   alt=\"La Experimentaci\u00f3n como Motor de la Innovaci\u00f3n Continua\" ><\/div><\/div><figcaption class='av-inner-masonry-content site-background'><div class='av-inner-masonry-content-pos'><div class='av-inner-masonry-content-pos-content'><div class='avia-arrow'><\/div><h3 class='av-masonry-entry-title entry-title '  itemprop=\"headline\" >Experimentation as the Driving Force of Continuous Innovation<\/h3><span class='av-masonry-date meta-color updated'>23 January 2025<\/span><span class=\"av-masonry-text-sep text-sep-author\">\/<\/span><span class='av-masonry-author meta-color author'><span class='fn'>by Erlin Salgado<\/span><\/span><\/div><\/div><\/figcaption><\/figure><\/a><!--end av-masonry entry--><a href=\"https:\/\/trendsform.net\/en\/understanding-iteration-in-creative-and-innovative-processes\/\"  id='av-masonry-1-item-8106' data-av-masonry-item='8106' class='av-masonry-entry isotope-item post-8106 post type-post status-publish format-standard has-post-thumbnail hentry category-creative-leadership tag-cocreation tag-creative-process tag-design-thinking-en tag-human-centered tag-innovation tag-innovation-processes  av-masonry-item-with-image av-grid-img' title=\"fundamentos de la iteracion\"   itemscope=\"itemscope\" itemtype=\"https:\/\/schema.org\/CreativeWork\" ><div class='av-inner-masonry-sizer'><\/div><figure class='av-inner-masonry main_color'><div class=\"av-masonry-outerimage-container\"><div class='av-masonry-image-container' style=\"background-image: url(https:\/\/trendsform.net\/wp-content\/uploads\/2024\/04\/fundamentos-de-la-iteracion-705x705.jpg);\"  title=\"fundamentos de la iteracion\"   alt=\"fundamentos de la iteracion\" ><\/div><\/div><figcaption class='av-inner-masonry-content site-background'><div class='av-inner-masonry-content-pos'><div class='av-inner-masonry-content-pos-content'><div class='avia-arrow'><\/div><h3 class='av-masonry-entry-title entry-title '  itemprop=\"headline\" >Understanding Iteration in Creative and Innovative Processes<\/h3><span class='av-masonry-date meta-color updated'>23 April 2024<\/span><span class=\"av-masonry-text-sep text-sep-author\">\/<\/span><span class='av-masonry-author meta-color author'><span class='fn'>by Erlin Salgado<\/span><\/span><\/div><\/div><\/figcaption><\/figure><\/a><!--end av-masonry entry--><a href=\"https:\/\/trendsform.net\/en\/conscious-creative-leadership-transforming-organizations-people\/\"  id='av-masonry-1-item-7890' data-av-masonry-item='7890' class='av-masonry-entry isotope-item post-7890 post type-post status-publish format-standard has-post-thumbnail hentry category-creative-leadership tag-cocreation tag-creative-leadership tag-creativity-at-work tag-creativity-mindset  av-masonry-item-with-image av-grid-img' title=\"LIDERAZGO CREATIVO CONSCIENTE\"   itemscope=\"itemscope\" itemtype=\"https:\/\/schema.org\/CreativeWork\" ><div class='av-inner-masonry-sizer'><\/div><figure class='av-inner-masonry main_color'><div class=\"av-masonry-outerimage-container\"><div class='av-masonry-image-container' style=\"background-image: url(https:\/\/trendsform.net\/wp-content\/uploads\/2024\/02\/LIDERAZGO-CREATIVO-CONSCIENTE-705x470.png);\"  title=\"LIDERAZGO CREATIVO CONSCIENTE\"   alt=\"LIDERAZGO CREATIVO CONSCIENTE\" ><\/div><\/div><figcaption class='av-inner-masonry-content site-background'><div class='av-inner-masonry-content-pos'><div class='av-inner-masonry-content-pos-content'><div class='avia-arrow'><\/div><h3 class='av-masonry-entry-title entry-title '  itemprop=\"headline\" >Conscious Creative Leadership: Transforming Organizations for People<\/h3><span class='av-masonry-date meta-color updated'>27 February 2024<\/span><span class=\"av-masonry-text-sep text-sep-author\">\/<\/span><span class='av-masonry-author meta-color author'><span class='fn'>by Erlin Salgado<\/span><\/span><\/div><\/div><\/figcaption><\/figure><\/a><!--end av-masonry entry--><a href=\"https:\/\/trendsform.net\/en\/beyond-logo-keys-brand-innovation\/\"  id='av-masonry-1-item-6744' data-av-masonry-item='6744' class='av-masonry-entry isotope-item post-6744 post type-post status-publish format-standard has-post-thumbnail hentry category-brand-innovation tag-brand-innovation tag-consumer-research tag-human-centered tag-people-centred  av-masonry-item-with-image av-grid-img' title=\"M\u00e1s all\u00e1 del logo Descubre las claves de la innovaci\u00f3n de marca\"   itemscope=\"itemscope\" itemtype=\"https:\/\/schema.org\/CreativeWork\" ><div class='av-inner-masonry-sizer'><\/div><figure class='av-inner-masonry main_color'><div class=\"av-masonry-outerimage-container\"><div class='av-masonry-image-container' style=\"background-image: url(https:\/\/trendsform.net\/wp-content\/uploads\/2023\/02\/Mas-alla-del-logo-Descubre-las-claves-de-la-innovacion-de-marca-705x470.jpg);\"  title=\"M\u00e1s all\u00e1 del logo Descubre las claves de la innovaci\u00f3n de marca\"   alt=\"M\u00e1s all\u00e1 del logo Descubre las claves de la innovaci\u00f3n de marca\" ><\/div><\/div><figcaption class='av-inner-masonry-content site-background'><div class='av-inner-masonry-content-pos'><div class='av-inner-masonry-content-pos-content'><div class='avia-arrow'><\/div><h3 class='av-masonry-entry-title entry-title '  itemprop=\"headline\" >Beyond the Logo: Discover the Keys to Brand Innovation.<\/h3><div class='av-masonry-entry-content entry-content'  itemprop=\"text\" >Branding today is essential for businesses of all sizes. It is\u2026<\/div><span class='av-masonry-date meta-color updated'>15 March 2023<\/span><span class=\"av-masonry-text-sep text-sep-author\">\/<\/span><span class='av-masonry-author meta-color author'><span class='fn'>by Erlin Salgado<\/span><\/span><\/div><\/div><\/figcaption><\/figure><\/a><!--end av-masonry entry--><a href=\"https:\/\/trendsform.net\/en\/cultivate-creativity-work-teams\/\"  id='av-masonry-1-item-6749' data-av-masonry-item='6749' class='av-masonry-entry isotope-item post-6749 post type-post status-publish format-standard has-post-thumbnail hentry category-cocreacion-en category-innovacion-empresarial-en category-senza-categoria tag-creatividad-en-equipos-en tag-creativity-at-work tag-creativity-mindset  av-masonry-item-with-image av-grid-img' title=\"cultivar la creatividad en equipos de trabajo\"   itemscope=\"itemscope\" itemtype=\"https:\/\/schema.org\/CreativeWork\" ><div class='av-inner-masonry-sizer'><\/div><figure class='av-inner-masonry main_color'><div class=\"av-masonry-outerimage-container\"><div class='av-masonry-image-container' style=\"background-image: url(https:\/\/trendsform.net\/wp-content\/uploads\/2023\/02\/cultivar-la-creatividad-en-equipos-de-trabajo.jpg);\"  title=\"cultivar la creatividad en equipos de trabajo\"   alt=\"cultivar la creatividad en equipos de trabajo\" ><\/div><\/div><figcaption class='av-inner-masonry-content site-background'><div class='av-inner-masonry-content-pos'><div class='av-inner-masonry-content-pos-content'><div class='avia-arrow'><\/div><h3 class='av-masonry-entry-title entry-title '  itemprop=\"headline\" >How to cultivate creativity in work teams?<\/h3><div class='av-masonry-entry-content entry-content'  itemprop=\"text\" >Creativity is a pillar, if not the most important pillar for\u2026<\/div><span class='av-masonry-date meta-color updated'>16 February 2023<\/span><span class=\"av-masonry-text-sep text-sep-author\">\/<\/span><span class='av-masonry-author meta-color author'><span class='fn'>by Erlin Salgado<\/span><\/span><\/div><\/div><\/figcaption><\/figure><\/a><!--end av-masonry entry--><\/div><\/div>\n","protected":false},"excerpt":{"rendered":"","protected":false},"author":3,"featured_media":0,"parent":0,"menu_order":0,"comment_status":"closed","ping_status":"closed","template":"","meta":{"om_disable_all_campaigns":false,"footnotes":""},"class_list":["post-6753","page","type-page","status-publish","hentry"],"yoast_head":"<!-- This site is optimized with the Yoast SEO plugin v27.0 - https:\/\/yoast.com\/product\/yoast-seo-wordpress\/ -->\n<title>Blog - TRENDSform<\/title>\n<meta name=\"robots\" content=\"index, follow, max-snippet:-1, max-image-preview:large, max-video-preview:-1\" \/>\n<link rel=\"canonical\" href=\"https:\/\/trendsform.net\/en\/blog\/\" \/>\n<meta property=\"og:locale\" content=\"en_US\" \/>\n<meta property=\"og:type\" content=\"article\" \/>\n<meta property=\"og:title\" content=\"Blog - TRENDSform\" \/>\n<meta property=\"og:url\" content=\"https:\/\/trendsform.net\/en\/blog\/\" \/>\n<meta property=\"og:site_name\" content=\"TRENDSform\" \/>\n<meta property=\"article:modified_time\" content=\"2025-01-23T18:46:08+00:00\" \/>\n<meta name=\"twitter:card\" content=\"summary_large_image\" \/>\n<meta name=\"twitter:label1\" content=\"Est. reading time\" \/>\n\t<meta name=\"twitter:data1\" content=\"1 minute\" \/>\n<script type=\"application\/ld+json\" class=\"yoast-schema-graph\">{\"@context\":\"https:\/\/schema.org\",\"@graph\":[{\"@type\":\"WebPage\",\"@id\":\"https:\/\/trendsform.net\/en\/blog\/\",\"url\":\"https:\/\/trendsform.net\/en\/blog\/\",\"name\":\"Blog - TRENDSform\",\"isPartOf\":{\"@id\":\"https:\/\/trendsform.net\/#website\"},\"datePublished\":\"2023-03-15T11:46:54+00:00\",\"dateModified\":\"2025-01-23T18:46:08+00:00\",\"breadcrumb\":{\"@id\":\"https:\/\/trendsform.net\/en\/blog\/#breadcrumb\"},\"inLanguage\":\"en-US\",\"potentialAction\":[{\"@type\":\"ReadAction\",\"target\":[\"https:\/\/trendsform.net\/en\/blog\/\"]}]},{\"@type\":\"BreadcrumbList\",\"@id\":\"https:\/\/trendsform.net\/en\/blog\/#breadcrumb\",\"itemListElement\":[{\"@type\":\"ListItem\",\"position\":1,\"name\":\"Home\",\"item\":\"https:\/\/trendsform.net\/en\/home\/\"},{\"@type\":\"ListItem\",\"position\":2,\"name\":\"Blog\"}]},{\"@type\":\"WebSite\",\"@id\":\"https:\/\/trendsform.net\/#website\",\"url\":\"https:\/\/trendsform.net\/\",\"name\":\"TRENDSform\",\"description\":\"Lab de Innovaci\u00f3n para empresas y desarrollo del emprendimiento\",\"potentialAction\":[{\"@type\":\"SearchAction\",\"target\":{\"@type\":\"EntryPoint\",\"urlTemplate\":\"https:\/\/trendsform.net\/?s={search_term_string}\"},\"query-input\":{\"@type\":\"PropertyValueSpecification\",\"valueRequired\":true,\"valueName\":\"search_term_string\"}}],\"inLanguage\":\"en-US\"}]}<\/script>\n<!-- \/ Yoast SEO plugin. -->","yoast_head_json":{"title":"Blog - TRENDSform","robots":{"index":"index","follow":"follow","max-snippet":"max-snippet:-1","max-image-preview":"max-image-preview:large","max-video-preview":"max-video-preview:-1"},"canonical":"https:\/\/trendsform.net\/en\/blog\/","og_locale":"en_US","og_type":"article","og_title":"Blog - TRENDSform","og_url":"https:\/\/trendsform.net\/en\/blog\/","og_site_name":"TRENDSform","article_modified_time":"2025-01-23T18:46:08+00:00","twitter_card":"summary_large_image","twitter_misc":{"Est. reading time":"1 minute"},"schema":{"@context":"https:\/\/schema.org","@graph":[{"@type":"WebPage","@id":"https:\/\/trendsform.net\/en\/blog\/","url":"https:\/\/trendsform.net\/en\/blog\/","name":"Blog - TRENDSform","isPartOf":{"@id":"https:\/\/trendsform.net\/#website"},"datePublished":"2023-03-15T11:46:54+00:00","dateModified":"2025-01-23T18:46:08+00:00","breadcrumb":{"@id":"https:\/\/trendsform.net\/en\/blog\/#breadcrumb"},"inLanguage":"en-US","potentialAction":[{"@type":"ReadAction","target":["https:\/\/trendsform.net\/en\/blog\/"]}]},{"@type":"BreadcrumbList","@id":"https:\/\/trendsform.net\/en\/blog\/#breadcrumb","itemListElement":[{"@type":"ListItem","position":1,"name":"Home","item":"https:\/\/trendsform.net\/en\/home\/"},{"@type":"ListItem","position":2,"name":"Blog"}]},{"@type":"WebSite","@id":"https:\/\/trendsform.net\/#website","url":"https:\/\/trendsform.net\/","name":"TRENDSform","description":"Lab de Innovaci\u00f3n para empresas y desarrollo del emprendimiento","potentialAction":[{"@type":"SearchAction","target":{"@type":"EntryPoint","urlTemplate":"https:\/\/trendsform.net\/?s={search_term_string}"},"query-input":{"@type":"PropertyValueSpecification","valueRequired":true,"valueName":"search_term_string"}}],"inLanguage":"en-US"}]}},"_links":{"self":[{"href":"https:\/\/trendsform.net\/en\/wp-json\/wp\/v2\/pages\/6753","targetHints":{"allow":["GET"]}}],"collection":[{"href":"https:\/\/trendsform.net\/en\/wp-json\/wp\/v2\/pages"}],"about":[{"href":"https:\/\/trendsform.net\/en\/wp-json\/wp\/v2\/types\/page"}],"author":[{"embeddable":true,"href":"https:\/\/trendsform.net\/en\/wp-json\/wp\/v2\/users\/3"}],"replies":[{"embeddable":true,"href":"https:\/\/trendsform.net\/en\/wp-json\/wp\/v2\/comments?post=6753"}],"version-history":[{"count":6,"href":"https:\/\/trendsform.net\/en\/wp-json\/wp\/v2\/pages\/6753\/revisions"}],"predecessor-version":[{"id":6759,"href":"https:\/\/trendsform.net\/en\/wp-json\/wp\/v2\/pages\/6753\/revisions\/6759"}],"wp:attachment":[{"href":"https:\/\/trendsform.net\/en\/wp-json\/wp\/v2\/media?parent=6753"}],"curies":[{"name":"wp","href":"https:\/\/api.w.org\/{rel}","templated":true}]}}